{"id":21,"date":"2025-09-24T14:01:59","date_gmt":"2025-09-24T14:01:59","guid":{"rendered":"https:\/\/staging.foodgenius.de\/?page_id=21"},"modified":"2025-12-11T13:05:52","modified_gmt":"2025-12-11T13:05:52","slug":"start","status":"publish","type":"page","link":"https:\/\/staging.foodgenius.de\/","title":{"rendered":"Start"},"content":{"rendered":"<!-- wp:themify-builder\/canvas \/-->","protected":false},"excerpt":{"rendered":"","protected":false},"author":1,"featured_media":0,"parent":0,"menu_order":0,"comment_status":"closed","ping_status":"closed","template":"","meta":{"content-type":"","footnotes":""},"class_list":["post-21","page","type-page","status-publish","hentry","has-post-title","has-post-date","has-post-category","has-post-tag","has-post-comment","has-post-author",""],"yoast_head":"<!-- This site is optimized with the Yoast SEO plugin v27.4 - https:\/\/yoast.com\/product\/yoast-seo-wordpress\/ -->\n<title>Start - FoodGenius\u00b2 - Dein smarter Restaurant Manager<\/title>\n<meta name=\"robots\" content=\"index, follow, max-snippet:-1, max-image-preview:large, max-video-preview:-1\" \/>\n<link rel=\"canonical\" href=\"https:\/\/staging.foodgenius.de\/\" \/>\n<meta property=\"og:locale\" content=\"de_DE\" \/>\n<meta property=\"og:type\" content=\"article\" \/>\n<meta property=\"og:title\" content=\"Start - FoodGenius\u00b2 - Dein smarter Restaurant Manager\" \/>\n<meta property=\"og:url\" content=\"https:\/\/staging.foodgenius.de\/\" \/>\n<meta property=\"og:site_name\" content=\"FoodGenius\u00b2 - Dein smarter Restaurant Manager\" \/>\n<meta property=\"article:modified_time\" content=\"2025-12-11T13:05:52+00:00\" \/>\n<meta property=\"og:image\" content=\"https:\/\/staging.foodgenius.de\/wp-content\/uploads\/2025\/10\/ceph-black-200x133-1.png\" \/>\n\t<meta property=\"og:image:width\" content=\"200\" \/>\n\t<meta property=\"og:image:height\" content=\"133\" \/>\n\t<meta property=\"og:image:type\" content=\"image\/png\" \/>\n<meta name=\"twitter:card\" content=\"summary_large_image\" \/>\n<script type=\"application\/ld+json\" class=\"yoast-schema-graph\">{\"@context\":\"https:\\\/\\\/schema.org\",\"@graph\":[{\"@type\":\"WebPage\",\"@id\":\"https:\\\/\\\/staging.foodgenius.de\\\/\",\"url\":\"https:\\\/\\\/staging.foodgenius.de\\\/\",\"name\":\"Start - FoodGenius\u00b2 - Dein smarter Restaurant Manager\",\"isPartOf\":{\"@id\":\"https:\\\/\\\/staging.foodgenius.de\\\/#website\"},\"primaryImageOfPage\":{\"@id\":\"https:\\\/\\\/staging.foodgenius.de\\\/#primaryimage\"},\"image\":{\"@id\":\"https:\\\/\\\/staging.foodgenius.de\\\/#primaryimage\"},\"thumbnailUrl\":\"https:\\\/\\\/staging.foodgenius.de\\\/wp-content\\\/uploads\\\/2025\\\/10\\\/ceph-black-200x133-1-200x133.png\",\"datePublished\":\"2025-09-24T14:01:59+00:00\",\"dateModified\":\"2025-12-11T13:05:52+00:00\",\"breadcrumb\":{\"@id\":\"https:\\\/\\\/staging.foodgenius.de\\\/#breadcrumb\"},\"inLanguage\":\"de\",\"potentialAction\":[{\"@type\":\"ReadAction\",\"target\":[\"https:\\\/\\\/staging.foodgenius.de\\\/\"]}]},{\"@type\":\"ImageObject\",\"inLanguage\":\"de\",\"@id\":\"https:\\\/\\\/staging.foodgenius.de\\\/#primaryimage\",\"url\":\"https:\\\/\\\/staging.foodgenius.de\\\/wp-content\\\/uploads\\\/2025\\\/10\\\/ceph-black-200x133-1.png\",\"contentUrl\":\"https:\\\/\\\/staging.foodgenius.de\\\/wp-content\\\/uploads\\\/2025\\\/10\\\/ceph-black-200x133-1.png\",\"width\":200,\"height\":133},{\"@type\":\"BreadcrumbList\",\"@id\":\"https:\\\/\\\/staging.foodgenius.de\\\/#breadcrumb\",\"itemListElement\":[{\"@type\":\"ListItem\",\"position\":1,\"name\":\"Startseite\",\"item\":\"https:\\\/\\\/staging.foodgenius.de\\\/\"},{\"@type\":\"ListItem\",\"position\":2,\"name\":\"Start\"}]},{\"@type\":\"WebSite\",\"@id\":\"https:\\\/\\\/staging.foodgenius.de\\\/#website\",\"url\":\"https:\\\/\\\/staging.foodgenius.de\\\/\",\"name\":\"FoodGenius\u00b2 - Dein smarter Restaurant Manager\",\"description\":\"\",\"potentialAction\":[{\"@type\":\"SearchAction\",\"target\":{\"@type\":\"EntryPoint\",\"urlTemplate\":\"https:\\\/\\\/staging.foodgenius.de\\\/?s={search_term_string}\"},\"query-input\":{\"@type\":\"PropertyValueSpecification\",\"valueRequired\":true,\"valueName\":\"search_term_string\"}}],\"inLanguage\":\"de\"}]}<\/script>\n<!-- \/ Yoast SEO plugin. -->","yoast_head_json":{"title":"Start - FoodGenius\u00b2 - Dein smarter Restaurant Manager","robots":{"index":"index","follow":"follow","max-snippet":"max-snippet:-1","max-image-preview":"max-image-preview:large","max-video-preview":"max-video-preview:-1"},"canonical":"https:\/\/staging.foodgenius.de\/","og_locale":"de_DE","og_type":"article","og_title":"Start - FoodGenius\u00b2 - Dein smarter Restaurant Manager","og_url":"https:\/\/staging.foodgenius.de\/","og_site_name":"FoodGenius\u00b2 - Dein smarter Restaurant Manager","article_modified_time":"2025-12-11T13:05:52+00:00","og_image":[{"width":200,"height":133,"url":"https:\/\/staging.foodgenius.de\/wp-content\/uploads\/2025\/10\/ceph-black-200x133-1.png","type":"image\/png"}],"twitter_card":"summary_large_image","schema":{"@context":"https:\/\/schema.org","@graph":[{"@type":"WebPage","@id":"https:\/\/staging.foodgenius.de\/","url":"https:\/\/staging.foodgenius.de\/","name":"Start - FoodGenius\u00b2 - Dein smarter Restaurant Manager","isPartOf":{"@id":"https:\/\/staging.foodgenius.de\/#website"},"primaryImageOfPage":{"@id":"https:\/\/staging.foodgenius.de\/#primaryimage"},"image":{"@id":"https:\/\/staging.foodgenius.de\/#primaryimage"},"thumbnailUrl":"https:\/\/staging.foodgenius.de\/wp-content\/uploads\/2025\/10\/ceph-black-200x133-1-200x133.png","datePublished":"2025-09-24T14:01:59+00:00","dateModified":"2025-12-11T13:05:52+00:00","breadcrumb":{"@id":"https:\/\/staging.foodgenius.de\/#breadcrumb"},"inLanguage":"de","potentialAction":[{"@type":"ReadAction","target":["https:\/\/staging.foodgenius.de\/"]}]},{"@type":"ImageObject","inLanguage":"de","@id":"https:\/\/staging.foodgenius.de\/#primaryimage","url":"https:\/\/staging.foodgenius.de\/wp-content\/uploads\/2025\/10\/ceph-black-200x133-1.png","contentUrl":"https:\/\/staging.foodgenius.de\/wp-content\/uploads\/2025\/10\/ceph-black-200x133-1.png","width":200,"height":133},{"@type":"BreadcrumbList","@id":"https:\/\/staging.foodgenius.de\/#breadcrumb","itemListElement":[{"@type":"ListItem","position":1,"name":"Startseite","item":"https:\/\/staging.foodgenius.de\/"},{"@type":"ListItem","position":2,"name":"Start"}]},{"@type":"WebSite","@id":"https:\/\/staging.foodgenius.de\/#website","url":"https:\/\/staging.foodgenius.de\/","name":"FoodGenius\u00b2 - Dein smarter Restaurant Manager","description":"","potentialAction":[{"@type":"SearchAction","target":{"@type":"EntryPoint","urlTemplate":"https:\/\/staging.foodgenius.de\/?s={search_term_string}"},"query-input":{"@type":"PropertyValueSpecification","valueRequired":true,"valueName":"search_term_string"}}],"inLanguage":"de"}]}},"builder_content":"<h1>Dein Restaurant l\u00e4uft \u2013 nicht du.<br\/>FoodGenius ist deine smarte All-In-L\u00f6sung f\u00fcr mehr Umsatz, weniger Stress und volle Kontrolle.<\/h1>\n<h6>In 10 Minuten bist du sofort startklar\u00a0<\/h6> <h5>Teste FoodGenius 14 Tage kostenlos!<\/h5> <h6>Ohne l\u00e4stiges Sales-Gespr\u00e4ch und Risiko! Wenn du Support brauchst, sind wir nat\u00fcrlich f\u00fcr dich da.<\/h6>\n<a href=\"https:\/\/themify.org\/ultra-coffee\/shop\" > Jetzt registrieren! <\/a>\n<em style=\"color:#4a3380\" ><svg xmlns:xlink=\"http:\/\/www.w3.org\/1999\/xlink\" aria-hidden=\"true\"><use href=\"#tf-ti-check-box\" xlink:href=\"#tf-ti-check-box\"><\/use><\/svg><\/em> Stetig und \u00fcberall verf\u00fcgbare Cloud-TSE\n<em style=\"color:#4a3380\" ><svg xmlns:xlink=\"http:\/\/www.w3.org\/1999\/xlink\" aria-hidden=\"true\"><use href=\"#tf-ti-check-box\" xlink:href=\"#tf-ti-check-box\"><\/use><\/svg><\/em> Sicheres Daten-Hosting in Deutschland\n<em style=\"color:#4a3380\" ><svg xmlns:xlink=\"http:\/\/www.w3.org\/1999\/xlink\" aria-hidden=\"true\"><use href=\"#tf-ti-check-box\" xlink:href=\"#tf-ti-check-box\"><\/use><\/svg><\/em> DATEV-Export\n<em style=\"color:#4a3380\" ><svg xmlns:xlink=\"http:\/\/www.w3.org\/1999\/xlink\" aria-hidden=\"true\"><use href=\"#tf-ti-check-box\" xlink:href=\"#tf-ti-check-box\"><\/use><\/svg><\/em> DSGVO-konform\n<em style=\"color:#4a3380\" ><svg xmlns:xlink=\"http:\/\/www.w3.org\/1999\/xlink\" aria-hidden=\"true\"><use href=\"#tf-ti-check-box\" xlink:href=\"#tf-ti-check-box\"><\/use><\/svg><\/em> Sichere Zahlungsabwicklung\n<em style=\"color:#4a3380\" ><svg xmlns:xlink=\"http:\/\/www.w3.org\/1999\/xlink\" aria-hidden=\"true\"><use href=\"#tf-ti-check-box\" xlink:href=\"#tf-ti-check-box\"><\/use><\/svg><\/em> Sicherer Login f\u00fcr Mitarbeitende\n<em style=\"color:#4a3380\" ><svg xmlns:xlink=\"http:\/\/www.w3.org\/1999\/xlink\" aria-hidden=\"true\"><use href=\"#tf-ti-check-box\" xlink:href=\"#tf-ti-check-box\"><\/use><\/svg><\/em> Nachvollziehbare Bestellverwaltung\n<em style=\"color:#4a3380\" ><svg xmlns:xlink=\"http:\/\/www.w3.org\/1999\/xlink\" aria-hidden=\"true\"><use href=\"#tf-ti-check-box\" xlink:href=\"#tf-ti-check-box\"><\/use><\/svg><\/em> Schneller Tagesabschluss\n<em style=\"color:#4a3380\" ><svg xmlns:xlink=\"http:\/\/www.w3.org\/1999\/xlink\" aria-hidden=\"true\"><use href=\"#tf-ti-check-box\" xlink:href=\"#tf-ti-check-box\"><\/use><\/svg><\/em> 15 Jahre am Markt\n<img src=\"https:\/\/staging.foodgenius.de\/wp-content\/uploads\/2025\/10\/ceph-black-200x133-1-200x133.png\" width=\"200\" height=\"133\" title=\"ceph-black-200x133-1\" alt=\"ceph-black-200x133-1\">\n<img src=\"https:\/\/staging.foodgenius.de\/wp-content\/uploads\/2025\/10\/thor-black-200x133.png\" width=\"200\" height=\"133\" title=\"thor-black\" alt=\"thor-black\" srcset=\"https:\/\/staging.foodgenius.de\/wp-content\/uploads\/2025\/10\/thor-black-200x133.png 200w, https:\/\/staging.foodgenius.de\/wp-content\/uploads\/2025\/10\/thor-black.png 300w\" sizes=\"(max-width: 200px) 100vw, 200px\" \/>\n<img src=\"https:\/\/staging.foodgenius.de\/wp-content\/uploads\/2025\/10\/adidas-black-1-200x133.png\" width=\"200\" height=\"133\" title=\"adidas-black-1\" alt=\"adidas-black-1\" srcset=\"https:\/\/staging.foodgenius.de\/wp-content\/uploads\/2025\/10\/adidas-black-1-200x133.png 200w, https:\/\/staging.foodgenius.de\/wp-content\/uploads\/2025\/10\/adidas-black-1.png 300w\" sizes=\"(max-width: 200px) 100vw, 200px\" \/>\n<img src=\"https:\/\/staging.foodgenius.de\/wp-content\/uploads\/2025\/10\/microsoft-black-200x133.png\" width=\"200\" height=\"133\" title=\"microsoft-black\" alt=\"microsoft-black\" srcset=\"https:\/\/staging.foodgenius.de\/wp-content\/uploads\/2025\/10\/microsoft-black-200x133.png 200w, https:\/\/staging.foodgenius.de\/wp-content\/uploads\/2025\/10\/microsoft-black.png 300w\" sizes=\"(max-width: 200px) 100vw, 200px\" \/>\n<img src=\"https:\/\/staging.foodgenius.de\/wp-content\/uploads\/2025\/10\/philips-black-200x133.png\" width=\"200\" height=\"133\" title=\"philips-black\" alt=\"philips-black\" srcset=\"https:\/\/staging.foodgenius.de\/wp-content\/uploads\/2025\/10\/philips-black-200x133.png 200w, https:\/\/staging.foodgenius.de\/wp-content\/uploads\/2025\/10\/philips-black.png 300w\" sizes=\"(max-width: 200px) 100vw, 200px\" \/>\n[embed]https:\/\/www.youtube.com\/watch?v=FPPce2D8pYI[\/embed]\n<h2>Testimonials<\/h2>\n<img src=\"https:\/\/staging.foodgenius.de\/wp-content\/uploads\/2025\/10\/testimonial-stars.png\" title=\"testimonial-stars\" alt=\"testimonial-stars\">\n<h3>Das sagen Kunden \u00fcber FoodGenius<\/h3>\n<h3>Great Product, Very Recommended<\/h3> <p>Lorem ipsum dolor sit amet, consectetur adipiscing elit, sed do eiusmod tempor incididunt ut labore.<\/p> <figure> <img src=\"data:image\/svg+xml,%3Csvg%20xmlns=%27http:\/\/www.w3.org\/2000\/svg%27%20width='100'%20height='100'%20viewBox=%270%200%20100%20100%27%3E%3C\/svg%3E\" loading=\"lazy\" data-lazy=\"1\" data-tf-not-load=\"1\" style=\"background:linear-gradient(to right,#bdbaa9 25%,#705e52 25% 50%,#8c7a6e 50% 75%,#fefcff 75%),linear-gradient(to right,#cbc7bc 25%,#b47b60 25% 50%,#dca27a 50% 75%,#fdfdfd 75%),linear-gradient(to right,#dddad1 25%,#8f604e 25% 50%,#c29180 50% 75%,#d9d1ce 75%),linear-gradient(to right,#16222e 25%,#b47661 25% 50%,#e1b89c 50% 75%,#413742 75%)\" decoding=\"async\" data-tf-src=\"https:\/\/staging.foodgenius.de\/wp-content\/uploads\/2025\/10\/face4-1-2-100x100.jpg\" width=\"100\" height=\"100\" title=\"face4-1-2\" alt=\"Great Product, Very Recommended\" data-tf-srcset=\"https:\/\/staging.foodgenius.de\/wp-content\/uploads\/2025\/10\/face4-1-2-100x100.jpg 100w, https:\/\/staging.foodgenius.de\/wp-content\/uploads\/2025\/10\/face4-1-2-300x300.jpg 300w, https:\/\/staging.foodgenius.de\/wp-content\/uploads\/2025\/10\/face4-1-2-150x150.jpg 150w, https:\/\/staging.foodgenius.de\/wp-content\/uploads\/2025\/10\/face4-1-2.jpg 500w\" data-tf-sizes=\"(max-width: 100px) 100vw, 100px\" \/><noscript><img data-tf-not-load src=\"https:\/\/staging.foodgenius.de\/wp-content\/uploads\/2025\/10\/face4-1-2-100x100.jpg\" width=\"100\" height=\"100\" title=\"face4-1-2\" alt=\"Great Product, Very Recommended\" srcset=\"https:\/\/staging.foodgenius.de\/wp-content\/uploads\/2025\/10\/face4-1-2-100x100.jpg 100w, https:\/\/staging.foodgenius.de\/wp-content\/uploads\/2025\/10\/face4-1-2-300x300.jpg 300w, https:\/\/staging.foodgenius.de\/wp-content\/uploads\/2025\/10\/face4-1-2-150x150.jpg 150w, https:\/\/staging.foodgenius.de\/wp-content\/uploads\/2025\/10\/face4-1-2.jpg 500w\" sizes=\"(max-width: 100px) 100vw, 100px\" \/><\/noscript> <\/figure> John Smith CEO X-corporation\n<h3>Perfect Wordpress Theme For Your Website<\/h3> <p>Excepteur sint occaecat cupidatat non proident, sunt in culpa qui officia deserunt mollit anim id est laborum.<\/p> <figure> <img src=\"data:image\/svg+xml,%3Csvg%20xmlns=%27http:\/\/www.w3.org\/2000\/svg%27%20width='100'%20height='100'%20viewBox=%270%200%20100%20100%27%3E%3C\/svg%3E\" loading=\"lazy\" data-lazy=\"1\" data-tf-not-load=\"1\" style=\"background:linear-gradient(to right,#877e77 25%,#312a24 25% 50%,#403428 50% 75%,#e5e5e7 75%),linear-gradient(to right,#b6b1ad 25%,#cdbcb5 25% 50%,#8c6953 50% 75%,#eeeef0 75%),linear-gradient(to right,#b1a9a6 25%,#c6967f 25% 50%,#282722 50% 75%,#302d28 75%),linear-gradient(to right,#7f7168 25%,#c19a7d 25% 50%,#362217 50% 75%,#46322b 75%)\" decoding=\"async\" data-tf-src=\"https:\/\/staging.foodgenius.de\/wp-content\/uploads\/2025\/10\/face6-1-3-100x100.jpg\" width=\"100\" height=\"100\" title=\"face6-1-3\" alt=\"Perfect Wordpress Theme For Your Website\" data-tf-srcset=\"https:\/\/staging.foodgenius.de\/wp-content\/uploads\/2025\/10\/face6-1-3-100x100.jpg 100w, https:\/\/staging.foodgenius.de\/wp-content\/uploads\/2025\/10\/face6-1-3-300x300.jpg 300w, https:\/\/staging.foodgenius.de\/wp-content\/uploads\/2025\/10\/face6-1-3-150x150.jpg 150w, https:\/\/staging.foodgenius.de\/wp-content\/uploads\/2025\/10\/face6-1-3.jpg 500w\" data-tf-sizes=\"(max-width: 100px) 100vw, 100px\" \/><noscript><img data-tf-not-load src=\"https:\/\/staging.foodgenius.de\/wp-content\/uploads\/2025\/10\/face6-1-3-100x100.jpg\" width=\"100\" height=\"100\" title=\"face6-1-3\" alt=\"Perfect Wordpress Theme For Your Website\" srcset=\"https:\/\/staging.foodgenius.de\/wp-content\/uploads\/2025\/10\/face6-1-3-100x100.jpg 100w, https:\/\/staging.foodgenius.de\/wp-content\/uploads\/2025\/10\/face6-1-3-300x300.jpg 300w, https:\/\/staging.foodgenius.de\/wp-content\/uploads\/2025\/10\/face6-1-3-150x150.jpg 150w, https:\/\/staging.foodgenius.de\/wp-content\/uploads\/2025\/10\/face6-1-3.jpg 500w\" sizes=\"(max-width: 100px) 100vw, 100px\" \/><\/noscript> <\/figure> Samantha Jones CEO Z-corporation\n<h3>The Best Layout Builder I Ever Used<\/h3> <p>Sed ut perspiciatis unde omnis iste natus error sit voluptatem accusantium doloremque laudantium, totam rem<\/p> <figure> <img src=\"data:image\/svg+xml,%3Csvg%20xmlns=%27http:\/\/www.w3.org\/2000\/svg%27%20width='100'%20height='100'%20viewBox=%270%200%20100%20100%27%3E%3C\/svg%3E\" loading=\"lazy\" data-lazy=\"1\" data-tf-not-load=\"1\" style=\"background:linear-gradient(to right,#4f3c2e 25%,#4d4a51 25% 50%,#666167 50% 75%,#524439 75%),linear-gradient(to right,#24282b 25%,#f0cab3 25% 50%,#dba486 50% 75%,#3b4963 75%),linear-gradient(to right,#f7fef7 25%,#7d4234 25% 50%,#d7a082 50% 75%,#7f97a3 75%),linear-gradient(to right,#fbfef7 25%,#7f574b 25% 50%,#e0a899 50% 75%,#6a7b95 75%)\" decoding=\"async\" data-tf-src=\"https:\/\/staging.foodgenius.de\/wp-content\/uploads\/2025\/10\/face8-100x100.jpg\" width=\"100\" height=\"100\" title=\"face8\" alt=\"The Best Layout Builder I Ever Used\" data-tf-srcset=\"https:\/\/staging.foodgenius.de\/wp-content\/uploads\/2025\/10\/face8-100x100.jpg 100w, https:\/\/staging.foodgenius.de\/wp-content\/uploads\/2025\/10\/face8-300x300.jpg 300w, https:\/\/staging.foodgenius.de\/wp-content\/uploads\/2025\/10\/face8-150x150.jpg 150w, https:\/\/staging.foodgenius.de\/wp-content\/uploads\/2025\/10\/face8.jpg 500w\" data-tf-sizes=\"(max-width: 100px) 100vw, 100px\" \/><noscript><img data-tf-not-load src=\"https:\/\/staging.foodgenius.de\/wp-content\/uploads\/2025\/10\/face8-100x100.jpg\" width=\"100\" height=\"100\" title=\"face8\" alt=\"The Best Layout Builder I Ever Used\" srcset=\"https:\/\/staging.foodgenius.de\/wp-content\/uploads\/2025\/10\/face8-100x100.jpg 100w, https:\/\/staging.foodgenius.de\/wp-content\/uploads\/2025\/10\/face8-300x300.jpg 300w, https:\/\/staging.foodgenius.de\/wp-content\/uploads\/2025\/10\/face8-150x150.jpg 150w, https:\/\/staging.foodgenius.de\/wp-content\/uploads\/2025\/10\/face8.jpg 500w\" sizes=\"(max-width: 100px) 100vw, 100px\" \/><\/noscript> <\/figure> Jonathan Gate CEO Q-corporation\n<img src=\"https:\/\/staging.foodgenius.de\/wp-content\/uploads\/2025\/12\/9058-02-macbook-pro-mockup-16-copy.webp\" title=\"9058-02-macbook-pro-mockup-16 copy\" alt=\"9058-02-macbook-pro-mockup-16 copy\" srcset=\"https:\/\/staging.foodgenius.de\/wp-content\/uploads\/2025\/12\/9058-02-macbook-pro-mockup-16-copy.webp 1440w, https:\/\/staging.foodgenius.de\/wp-content\/uploads\/2025\/12\/9058-02-macbook-pro-mockup-16-copy-300x200.webp 300w, https:\/\/staging.foodgenius.de\/wp-content\/uploads\/2025\/12\/9058-02-macbook-pro-mockup-16-copy-1024x683.webp 1024w, https:\/\/staging.foodgenius.de\/wp-content\/uploads\/2025\/12\/9058-02-macbook-pro-mockup-16-copy-768x512.webp 768w\" sizes=\"(max-width: 1440px) 100vw, 1440px\" \/>\n<h3>Deshalb ist FoodGenius dein genialer digitaler Partner, den du schon immer vermisst hast <br\/><\/h3>\n<svg> <circle r=\"calc(50% - 1.00px)\" cx=\"50%\" cy=\"50%\" stroke-width=\"2\"\/> <circle r=\"calc(50% - 1.00px)\" cx=\"50%\" cy=\"50%\" stroke=\"#4a3380\" stroke-width=\"2\" data-progress=\"100\" stroke-dasharray=\"0,10000\"\/> <\/svg> <em style=\"color:#4d4d4d\"><svg xmlns:xlink=\"http:\/\/www.w3.org\/1999\/xlink\" aria-hidden=\"true\"><use href=\"#tf-fas-heartbeat\" xlink:href=\"#tf-fas-heartbeat\"><\/use><\/svg><\/em> \n <h3> Module und Varianten flexibel zu- und abbuchbar <\/h3> <p>Kombiniere alles frei \u2013 FoodGenius w\u00e4chst einfach mit dir mit.<\/p>\n<svg> <circle r=\"calc(50% - 1.00px)\" cx=\"50%\" cy=\"50%\" stroke-width=\"2\"\/> <circle r=\"calc(50% - 1.00px)\" cx=\"50%\" cy=\"50%\" stroke=\"#4a3380\" stroke-width=\"2\" data-progress=\"100\" stroke-dasharray=\"0,10000\"\/> <\/svg> <em style=\"color:#4d4d4d\"><svg xmlns:xlink=\"http:\/\/www.w3.org\/1999\/xlink\" aria-hidden=\"true\"><use href=\"#tf-fas-heartbeat\" xlink:href=\"#tf-fas-heartbeat\"><\/use><\/svg><\/em> \n <h3> Zeit im Alltag sparen durch smarte Features <\/h3> <p>Unsere KI nimmt dir l\u00e4stige Aufgaben ab, du konzentrierst dich auf deine Lieblings-To-Dos.<\/p>\n<svg> <circle r=\"calc(50% - 1.00px)\" cx=\"50%\" cy=\"50%\" stroke-width=\"2\"\/> <circle r=\"calc(50% - 1.00px)\" cx=\"50%\" cy=\"50%\" stroke=\"#4a3380\" stroke-width=\"2\" data-progress=\"100\" stroke-dasharray=\"0,10000\"\/> <\/svg> <em style=\"color:#4d4d4d\"><svg xmlns:xlink=\"http:\/\/www.w3.org\/1999\/xlink\" aria-hidden=\"true\"><use href=\"#tf-fas-heartbeat\" xlink:href=\"#tf-fas-heartbeat\"><\/use><\/svg><\/em> \n <h3> Schritt f\u00fcr Schritt kinderleicht zu bedienen <\/h3> <p>FoodGenius f\u00fchrt dich durch alle Prozesse durch und auch deine Mitarbeitenden k\u00f6nnen gleich loslegen.<\/p>\n<h3>Unsere genialen Module<br\/><\/h3>\n<em style=\"color:#4d4d4d\" ><svg xmlns:xlink=\"http:\/\/www.w3.org\/1999\/xlink\" aria-hidden=\"true\"><use href=\"#tf-fas-home\" xlink:href=\"#tf-fas-home\"><\/use><\/svg><\/em> Icon label\n<h4>Kassensystem<\/h4> <p>Einfach &amp; rechtskonform<\/p>\n<em style=\"color:#4d4d4d\" ><svg xmlns:xlink=\"http:\/\/www.w3.org\/1999\/xlink\" aria-hidden=\"true\"><use href=\"#tf-fas-home\" xlink:href=\"#tf-fas-home\"><\/use><\/svg><\/em> Icon label\n<h4>Lieferdienst<\/h4> <p>Planen, kommunizieren und pr\u00fcfen<\/p>\n<em style=\"color:#4d4d4d\" ><svg xmlns:xlink=\"http:\/\/www.w3.org\/1999\/xlink\" aria-hidden=\"true\"><use href=\"#tf-fas-home\" xlink:href=\"#tf-fas-home\"><\/use><\/svg><\/em> Icon label\n<h4>Restaurant<\/h4> <p>Tischplan, Trinkgeld, Bezahlung<\/p>\n<em style=\"color:#4d4d4d\" ><svg xmlns:xlink=\"http:\/\/www.w3.org\/1999\/xlink\" aria-hidden=\"true\"><use href=\"#tf-fas-home\" xlink:href=\"#tf-fas-home\"><\/use><\/svg><\/em> Icon label\n<h4>KI-Kommunikation<\/h4> <p>KI-Bestellannahme<\/p>\n<em style=\"color:#4d4d4d\" ><svg xmlns:xlink=\"http:\/\/www.w3.org\/1999\/xlink\" aria-hidden=\"true\"><use href=\"#tf-fas-home\" xlink:href=\"#tf-fas-home\"><\/use><\/svg><\/em> Icon label\n<h4>Onlineshop<\/h4> <p>Kundenfreundlich f\u00fcr mehr Umsatz<\/p>\n<em style=\"color:#4d4d4d\" ><svg xmlns:xlink=\"http:\/\/www.w3.org\/1999\/xlink\" aria-hidden=\"true\"><use href=\"#tf-fas-home\" xlink:href=\"#tf-fas-home\"><\/use><\/svg><\/em> Icon label\n<h4>Loyalty-Programme<\/h4> <p>Kundenbindung leicht gemacht<\/p>\n<em style=\"color:#4d4d4d\" ><svg xmlns:xlink=\"http:\/\/www.w3.org\/1999\/xlink\" aria-hidden=\"true\"><use href=\"#tf-fas-home\" xlink:href=\"#tf-fas-home\"><\/use><\/svg><\/em> Icon label\n<h4>Franchise<\/h4> <p>Filialen zentral steuern<\/p>\n<em style=\"color:#4d4d4d\" ><svg xmlns:xlink=\"http:\/\/www.w3.org\/1999\/xlink\" aria-hidden=\"true\"><use href=\"#tf-fas-home\" xlink:href=\"#tf-fas-home\"><\/use><\/svg><\/em> Icon label\n<h4>Auswertungen<\/h4> <p>Alle Kennzahlen in Echtzeit<\/p>\n<em style=\"color:#4d4d4d\" ><svg xmlns:xlink=\"http:\/\/www.w3.org\/1999\/xlink\" aria-hidden=\"true\"><use href=\"#tf-fas-home\" xlink:href=\"#tf-fas-home\"><\/use><\/svg><\/em> Icon label\n<h4>HACCP<\/h4> <p>Konstante Messung &amp; Warnungen<\/p>\n<em style=\"color:#4d4d4d\" ><svg xmlns:xlink=\"http:\/\/www.w3.org\/1999\/xlink\" aria-hidden=\"true\"><use href=\"#tf-fas-home\" xlink:href=\"#tf-fas-home\"><\/use><\/svg><\/em> Icon label\n<h4>Self-Order-Terminals<\/h4> <p>Leicht digital steuern<\/p>\n<em style=\"color:#4d4d4d\" ><svg xmlns:xlink=\"http:\/\/www.w3.org\/1999\/xlink\" aria-hidden=\"true\"><use href=\"#tf-fas-home\" xlink:href=\"#tf-fas-home\"><\/use><\/svg><\/em> Icon label\n<h4>Schnittstellen<\/h4> <p>Lieferando, DATEV, KassenSichV<\/p>\n<em style=\"color:#4d4d4d\" ><svg xmlns:xlink=\"http:\/\/www.w3.org\/1999\/xlink\" aria-hidden=\"true\"><use href=\"#tf-fas-home\" xlink:href=\"#tf-fas-home\"><\/use><\/svg><\/em> Icon label\n<h4>Marketing<\/h4> <p>Profi-Kampagnen ohne Agentur.<\/p>","_links":{"self":[{"href":"https:\/\/staging.foodgenius.de\/index.php?rest_route=\/wp\/v2\/pages\/21","targetHints":{"allow":["GET"]}}],"collection":[{"href":"https:\/\/staging.foodgenius.de\/index.php?rest_route=\/wp\/v2\/pages"}],"about":[{"href":"https:\/\/staging.foodgenius.de\/index.php?rest_route=\/wp\/v2\/types\/page"}],"author":[{"embeddable":true,"href":"https:\/\/staging.foodgenius.de\/index.php?rest_route=\/wp\/v2\/users\/1"}],"replies":[{"embeddable":true,"href":"https:\/\/staging.foodgenius.de\/index.php?rest_route=%2Fwp%2Fv2%2Fcomments&post=21"}],"version-history":[{"count":249,"href":"https:\/\/staging.foodgenius.de\/index.php?rest_route=\/wp\/v2\/pages\/21\/revisions"}],"predecessor-version":[{"id":835,"href":"https:\/\/staging.foodgenius.de\/index.php?rest_route=\/wp\/v2\/pages\/21\/revisions\/835"}],"wp:attachment":[{"href":"https:\/\/staging.foodgenius.de\/index.php?rest_route=%2Fwp%2Fv2%2Fmedia&parent=21"}],"curies":[{"name":"wp","href":"https:\/\/api.w.org\/{rel}","templated":true}]}}